{"id":2452,"date":"2021-07-14T09:30:14","date_gmt":"2021-07-14T06:30:14","guid":{"rendered":"https:\/\/diledbsemp.atauni.edu.tr\/?page_id=2452"},"modified":"2021-07-29T17:02:44","modified_gmt":"2021-07-29T14:02:44","slug":"bilimkurulu","status":"publish","type":"page","link":"https:\/\/diledbsemp.atauni.edu.tr\/?page_id=2452","title":{"rendered":"B\u0130L\u0130M KURULU"},"content":{"rendered":"<p>[vc_row][vc_column][vc_column_text]Prof. Dr. Hasan \u00c7\u0130FT\u00c7\u0130, Bing\u00f6l \u00dcniversitesi, T\u00dcRK\u0130YE<\/p>\n<p>Prof. Dr. Mehmet ATALAY, \u0130stanbul \u00dcniversitesi, T\u00dcRK\u0130YE<\/p>\n<p>Prof. Dr. Ali G\u00dcZELY\u00dcZ, \u0130stanbul \u00dcniversitesi, T\u00dcRK\u0130YE<\/p>\n<p>Prof. Dr. Sedat ADIG\u00dcZEL, Atat\u00fcrk \u00dcniversitesi, T\u00dcRK\u0130YE<\/p>\n<p>Prof. Dr. H\u00fcseyin BAYDEM\u0130R, Atat\u00fcrk \u00dcniversitesi, T\u00dcRK\u0130YE<\/p>\n<p>Prof. Dr. Ahmet FARSBAF\u0130AN, Tebriz \u00dcniversitesi, \u0130RAN<\/p>\n<p>Prof. Dr. Esedullah VAH\u0130D, Tebriz \u00dcniversitesi, \u0130RAN<\/p>\n<p>Prof. Dr. \u0130brahim \u0130KBAL\u0130, Tebriz \u00dcniversitesi, \u0130RAN<\/p>\n<p>Prof. Dr. Humeyra ZOMOROD\u0130, Tahran \u00dcniversitesi, \u0130RAN<\/p>\n<p>Prof. Dr. A\u011faverdi HAL\u0130L, Azerbaycan Milli Bilimler Akademisi Folklar Enstit\u00fcs\u00fc, AZERBAYCAN<\/p>\n<p>Do\u00e7. Dr. Pervane MAMEDL\u0130, Azerbaycan Milli Bilimler Akademisi Nizami Gencevi Edebiyat Enstit\u00fcs\u00fc, AZERBAYCAN<\/p>\n<p>Prof. Dr. Jahangir \u0130KBAL, Ke\u015fmir \u00dcniversitesi, H\u0130ND\u0130STAN<\/p>\n<p>Prof. Dr. Aleem Ashraf KHAN, Delhi \u00dcniversitesi,\u00a0 H\u0130ND\u0130STAN<\/p>\n<p>Prof. Dr. Kadir GOLKAR\u0130AN, Yak\u0131n Do\u011fu \u00dcniversitesi, KIBRIS<\/p>\n<p>Prof. Dr. Ahmadjon QURONBEKOV, Ta\u015fkent Devlet \u015eark\u015finasl\u0131k \u00dcniversitesi, \u00d6ZBEK\u0130STAN<\/p>\n<p>Prof. Dr. Felihe Zehra KAZEM\u0130, Lahore College for Women University PAK\u0130STAN<\/p>\n<p>Prof. Dr. Lindita Xhanari LAT\u0130F\u0130, Tiran \u00dcniversitesi, ARNAVUTLUK<\/p>\n<p>Prof. Dr. Kadisha RUSTEMBEKOVNA NURGAL\u0130,\u00a0\u00a0\u00a0\u00a0 L.N Gumilev Ad\u0131na Nur Sultan Avrasya Ulusal \u00dcniversitesi, KAZAK\u0130STAN<\/p>\n<p>Prof. Dr. Zhainagul SAB\u0130TOVNA BEYSENOVA, L.N Gumilev Ad\u0131na Nur Sultan Avrasya Ulusal \u00dcniversitesi, KAZAK\u0130STAN<\/p>\n<p>Do\u00e7. Dr. Berna KARAG\u00d6ZO\u011eLU, A\u011fr\u0131 \u0130brahim \u00c7e\u00e7en \u00dcniversitesi, T\u00dcRK\u0130YE<\/p>\n<p>Do\u00e7. Dr. Sad\u0131k ARMUTLU, A\u011fr\u0131 \u0130brahim \u00c7e\u00e7en \u00dcniversitesi, T\u00dcRK\u0130YE<\/p>\n<p>Dr. Talgat BOLATO\u011eLU, Kazak Yenilik\u00e7i Fen bilimleri ve Hukuk \u00dcniversitesi, KAZAK\u0130STAN[\/vc_column_text][\/vc_column][\/vc_row]<\/p>\n","protected":false},"excerpt":{"rendered":"<p>[vc_row][vc_column][vc_column_text]Prof. Dr. Hasan \u00c7\u0130FT\u00c7\u0130, Bing\u00f6l \u00dcniversitesi, T\u00dcRK\u0130YE Prof. Dr. Mehmet ATALAY, \u0130stanbul \u00dcniversitesi, T\u00dcRK\u0130YE Prof. Dr. Ali G\u00dcZELY\u00dcZ, \u0130stanbul \u00dcniversitesi, T\u00dcRK\u0130YE Prof. Dr. Sedat ADIG\u00dcZEL, Atat\u00fcrk \u00dcniversitesi, T\u00dcRK\u0130YE Prof. Dr. H\u00fcseyin BAYDEM\u0130R, Atat\u00fcrk \u00dcniversitesi, T\u00dcRK\u0130YE Prof. Dr. Ahmet FARSBAF\u0130AN, Tebriz \u00dcniversitesi, \u0130RAN Prof. Dr. Esedullah VAH\u0130D, Tebriz \u00dcniversitesi, \u0130RAN Prof. Dr. \u0130brahim \u0130KBAL\u0130, Tebriz \u00dcniversitesi, [&hellip;]<\/p>\n","protected":false},"author":1,"featured_media":0,"parent":0,"menu_order":0,"comment_status":"closed","ping_status":"closed","template":"","meta":{"footnotes":""},"class_list":["post-2452","page","type-page","status-publish","hentry"],"_links":{"self":[{"href":"https:\/\/diledbsemp.atauni.edu.tr\/index.php?rest_route=\/wp\/v2\/pages\/2452","targetHints":{"allow":["GET"]}}],"collection":[{"href":"https:\/\/diledbsemp.atauni.edu.tr\/index.php?rest_route=\/wp\/v2\/pages"}],"about":[{"href":"https:\/\/diledbsemp.atauni.edu.tr\/index.php?rest_route=\/wp\/v2\/types\/page"}],"author":[{"embeddable":true,"href":"https:\/\/diledbsemp.atauni.edu.tr\/index.php?rest_route=\/wp\/v2\/users\/1"}],"replies":[{"embeddable":true,"href":"https:\/\/diledbsemp.atauni.edu.tr\/index.php?rest_route=%2Fwp%2Fv2%2Fcomments&post=2452"}],"version-history":[{"count":6,"href":"https:\/\/diledbsemp.atauni.edu.tr\/index.php?rest_route=\/wp\/v2\/pages\/2452\/revisions"}],"predecessor-version":[{"id":2522,"href":"https:\/\/diledbsemp.atauni.edu.tr\/index.php?rest_route=\/wp\/v2\/pages\/2452\/revisions\/2522"}],"wp:attachment":[{"href":"https:\/\/diledbsemp.atauni.edu.tr\/index.php?rest_route=%2Fwp%2Fv2%2Fmedia&parent=2452"}],"curies":[{"name":"wp","href":"https:\/\/api.w.org\/{rel}","templated":true}]}}