{"id":2448,"date":"2021-07-14T09:28:47","date_gmt":"2021-07-14T06:28:47","guid":{"rendered":"https:\/\/diledbsemp.atauni.edu.tr\/?page_id=2448"},"modified":"2021-09-21T11:56:17","modified_gmt":"2021-09-21T08:56:17","slug":"duzenleme-kurulu","status":"publish","type":"page","link":"https:\/\/diledbsemp.atauni.edu.tr\/?page_id=2448","title":{"rendered":"D\u00dcZENLEME KURULU"},"content":{"rendered":"<p>[vc_row][vc_column][vc_column_text]<strong>D\u00fczenleme Kurulu Ba\u015fkan\u0131\/Chairmen of Organizing Committee<\/strong><\/p>\n<p>Do\u00e7. Dr. Yasemin YAYLALI, T\u00dcRK\u0130YE<\/p>\n<p>&nbsp;<\/p>\n<p><strong>D\u00fczenleme Kurulu E\u015f Ba\u015fkan\u0131\/Co-Chairmen of Organizing Committee<\/strong><\/p>\n<p>Do\u00e7. Dr. Asuman G\u00d6KHAN, T\u00dcRK\u0130YE<\/p>\n<p>&nbsp;<\/p>\n<p><strong>D\u00fczenleme Kurulu Ba\u015fkan Yard\u0131mc\u0131s\u0131\/Vise Chairmen of Organizing Committee<\/strong><\/p>\n<p>Ar\u015f. G\u00f6r. \u015eeyda ARISOY, T\u00dcRK\u0130YE<\/p>\n<p>&nbsp;<\/p>\n<p><strong>Genel Sekreter\/Secretary General<\/strong><\/p>\n<p>Dr. \u00d6\u011frt. \u00dcyesi H\u00fcsna KOTAN, T\u00dcRK\u0130YE<\/p>\n<p>&nbsp;<\/p>\n<p><strong>D\u00fczenleme Kurulu\/Scientific Committee<\/strong><\/p>\n<p>Prof. Dr. Nimet YILDIRIM, Atat\u00fcrk \u00dcniversitesi, T\u00dcRK\u0130YE<\/p>\n<p>Prof. Dr. Veyis DE\u011e\u0130RMEN\u00c7AY, Atat\u00fcrk \u00dcniversitesi, T\u00dcRK\u0130YE<\/p>\n<p>Dr. \u00d6\u011frt. \u00dcyesi Solmaz MAHMODI, Atat\u00fcrk \u00dcniversitesi, T\u00dcRK\u0130YE<\/p>\n<p>Do\u00e7. Dr. Firdes TEM\u0130ZG\u00dcNEY, Atat\u00fcrk \u00dcniversitesi, T\u00dcRK\u0130YE<\/p>\n<p>Do\u00e7. Dr. \u015eenay KAY\u011eIN, Atat\u00fcrk \u00dcniversitesi, T\u00dcRK\u0130YE<\/p>\n<p>Ar\u015f. G\u00f6r. Muhammed Furkan \u015eAH\u0130N, Atat\u00fcrk \u00dcniversitesi, T\u00dcRK\u0130YE[\/vc_column_text][\/vc_column][\/vc_row]<\/p>\n","protected":false},"excerpt":{"rendered":"<p>[vc_row][vc_column][vc_column_text]D\u00fczenleme Kurulu Ba\u015fkan\u0131\/Chairmen of Organizing Committee Do\u00e7. Dr. Yasemin YAYLALI, T\u00dcRK\u0130YE &nbsp; D\u00fczenleme Kurulu E\u015f Ba\u015fkan\u0131\/Co-Chairmen of Organizing Committee Do\u00e7. Dr. Asuman G\u00d6KHAN, T\u00dcRK\u0130YE &nbsp; D\u00fczenleme Kurulu Ba\u015fkan Yard\u0131mc\u0131s\u0131\/Vise Chairmen of Organizing Committee Ar\u015f. G\u00f6r. \u015eeyda ARISOY, T\u00dcRK\u0130YE &nbsp; Genel Sekreter\/Secretary General Dr. \u00d6\u011frt. \u00dcyesi H\u00fcsna KOTAN, T\u00dcRK\u0130YE &nbsp; D\u00fczenleme Kurulu\/Scientific Committee Prof. Dr. Nimet [&hellip;]<\/p>\n","protected":false},"author":1,"featured_media":0,"parent":0,"menu_order":0,"comment_status":"closed","ping_status":"closed","template":"","meta":{"footnotes":""},"class_list":["post-2448","page","type-page","status-publish","hentry"],"_links":{"self":[{"href":"https:\/\/diledbsemp.atauni.edu.tr\/index.php?rest_route=\/wp\/v2\/pages\/2448","targetHints":{"allow":["GET"]}}],"collection":[{"href":"https:\/\/diledbsemp.atauni.edu.tr\/index.php?rest_route=\/wp\/v2\/pages"}],"about":[{"href":"https:\/\/diledbsemp.atauni.edu.tr\/index.php?rest_route=\/wp\/v2\/types\/page"}],"author":[{"embeddable":true,"href":"https:\/\/diledbsemp.atauni.edu.tr\/index.php?rest_route=\/wp\/v2\/users\/1"}],"replies":[{"embeddable":true,"href":"https:\/\/diledbsemp.atauni.edu.tr\/index.php?rest_route=%2Fwp%2Fv2%2Fcomments&post=2448"}],"version-history":[{"count":7,"href":"https:\/\/diledbsemp.atauni.edu.tr\/index.php?rest_route=\/wp\/v2\/pages\/2448\/revisions"}],"predecessor-version":[{"id":2536,"href":"https:\/\/diledbsemp.atauni.edu.tr\/index.php?rest_route=\/wp\/v2\/pages\/2448\/revisions\/2536"}],"wp:attachment":[{"href":"https:\/\/diledbsemp.atauni.edu.tr\/index.php?rest_route=%2Fwp%2Fv2%2Fmedia&parent=2448"}],"curies":[{"name":"wp","href":"https:\/\/api.w.org\/{rel}","templated":true}]}}