{"id":2446,"date":"2021-07-14T09:28:25","date_gmt":"2021-07-14T06:28:25","guid":{"rendered":"https:\/\/diledbsemp.atauni.edu.tr\/?page_id=2446"},"modified":"2021-07-29T17:02:49","modified_gmt":"2021-07-29T14:02:49","slug":"onur-kurulu","status":"publish","type":"page","link":"https:\/\/diledbsemp.atauni.edu.tr\/?page_id=2446","title":{"rendered":"ONUR KURULU"},"content":{"rendered":"<p>[vc_row][vc_column][vc_column_text]<strong>Onursal Ba\u015fkan\/Honorary Committee<\/strong><\/p>\n<p>Prof. Dr. \u00d6mer \u00c7OMAKLI<\/p>\n<p>Atat\u00fcrk \u00dcniversitesi Rekt\u00f6r\u00fc<\/p>\n<p><strong>Onur Kurulu\/Honorary Committee<\/strong><\/p>\n<p>Prof. Dr. Dilaver D\u00dcZG\u00dcN-Atat\u00fcrk \u00dcniversitesi Edebiyat Fak\u00fcltesi Dekan\u0131, T\u00dcRK\u0130YE<\/p>\n<p>Prof. Dr. Hasan \u00c7\u0130FT\u00c7\u0130-Bing\u00f6l \u00dcniversitesi Rekt\u00f6r Yard\u0131mc\u0131s\u0131, T\u00dcRK\u0130YE[\/vc_column_text][\/vc_column][\/vc_row]<\/p>\n","protected":false},"excerpt":{"rendered":"<p>[vc_row][vc_column][vc_column_text]Onursal Ba\u015fkan\/Honorary Committee Prof. Dr. \u00d6mer \u00c7OMAKLI Atat\u00fcrk \u00dcniversitesi Rekt\u00f6r\u00fc Onur Kurulu\/Honorary Committee Prof. Dr. Dilaver D\u00dcZG\u00dcN-Atat\u00fcrk \u00dcniversitesi Edebiyat Fak\u00fcltesi Dekan\u0131, T\u00dcRK\u0130YE Prof. Dr. Hasan \u00c7\u0130FT\u00c7\u0130-Bing\u00f6l \u00dcniversitesi Rekt\u00f6r Yard\u0131mc\u0131s\u0131, T\u00dcRK\u0130YE[\/vc_column_text][\/vc_column][\/vc_row]<\/p>\n","protected":false},"author":1,"featured_media":0,"parent":0,"menu_order":0,"comment_status":"closed","ping_status":"closed","template":"","meta":{"footnotes":""},"class_list":["post-2446","page","type-page","status-publish","hentry"],"_links":{"self":[{"href":"https:\/\/diledbsemp.atauni.edu.tr\/index.php?rest_route=\/wp\/v2\/pages\/2446","targetHints":{"allow":["GET"]}}],"collection":[{"href":"https:\/\/diledbsemp.atauni.edu.tr\/index.php?rest_route=\/wp\/v2\/pages"}],"about":[{"href":"https:\/\/diledbsemp.atauni.edu.tr\/index.php?rest_route=\/wp\/v2\/types\/page"}],"author":[{"embeddable":true,"href":"https:\/\/diledbsemp.atauni.edu.tr\/index.php?rest_route=\/wp\/v2\/users\/1"}],"replies":[{"embeddable":true,"href":"https:\/\/diledbsemp.atauni.edu.tr\/index.php?rest_route=%2Fwp%2Fv2%2Fcomments&post=2446"}],"version-history":[{"count":8,"href":"https:\/\/diledbsemp.atauni.edu.tr\/index.php?rest_route=\/wp\/v2\/pages\/2446\/revisions"}],"predecessor-version":[{"id":2520,"href":"https:\/\/diledbsemp.atauni.edu.tr\/index.php?rest_route=\/wp\/v2\/pages\/2446\/revisions\/2520"}],"wp:attachment":[{"href":"https:\/\/diledbsemp.atauni.edu.tr\/index.php?rest_route=%2Fwp%2Fv2%2Fmedia&parent=2446"}],"curies":[{"name":"wp","href":"https:\/\/api.w.org\/{rel}","templated":true}]}}