{"id":143,"date":"2016-06-20T07:48:11","date_gmt":"2016-06-20T04:48:11","guid":{"rendered":"http:\/\/sw-themes.com\/porto_dummy\/?page_id=143"},"modified":"2021-07-29T16:55:28","modified_gmt":"2021-07-29T13:55:28","slug":"anasayfa","status":"publish","type":"page","link":"https:\/\/diledbsemp.atauni.edu.tr\/","title":{"rendered":"Ana Sayfa"},"content":{"rendered":"<p>[vc_row wrap_container=&#8221;yes&#8221; el_class=&#8221;home-intro home-intro-dark&#8221;][vc_column][vc_column_text el_class=&#8221;m-b-none&#8221; css=&#8221;.vc_custom_1627566924951{padding-left: 145px !important;}&#8221;]<\/p>\n<p style=\"text-align: center;\"><strong>ULUSLARARASI \u015eEHR\u0130YAR -D\u0130L VE EDEB\u0130YAT- &#8211; <em class=\"text-color-primary\" style=\"margin-top: 5px;\">SEMPOZYUMU<\/em><\/strong><\/p>\n<p>[\/vc_column_text][\/vc_column][\/vc_row][vc_row][vc_column width=&#8221;1\/3&#8243;][vc_single_image image=&#8221;2466&#8243; img_size=&#8221;large&#8221; css=&#8221;.vc_custom_1627566879163{padding-top: 10px !important;}&#8221; label=&#8221;&#8221;][\/vc_column][vc_column width=&#8221;1\/3&#8243;][vc_column_text css=&#8221;.vc_custom_1627566906377{padding-top: 10px !important;}&#8221;]<\/p>\n<h3><strong>Sempozyuma \u00c7a\u011fr\u0131<\/strong><\/h3>\n<p>Atat\u00fcrk \u00dcniversitesi Fars Dili ve Edebiyat\u0131 B\u00f6l\u00fcm\u00fc taraf\u0131ndan Atat\u00fcrk \u00dcniversitesinin ev sahipli\u011finde 23-24 Eyl\u00fcl 2021 tarihleri aras\u0131nda \u00e7evrim i\u00e7i \u201cUluslararas\u0131 \u015eehriy\u00e2r -Dil ve Edebiyat- Sempozyumu\u201d d\u00fczenlenecektir. Sempozyum kapsam\u0131nda, Fars\u00e7a ve T\u00fcrk\u00e7e \u015fiirleriyle edebiyat d\u00fcnyas\u0131nda \u00f6l\u00fcms\u00fczle\u015fen b\u00fcy\u00fck \u015fair \u015eehriy\u00e2r\u2019\u0131n \u015fiir dili ve \u015fiir anlay\u0131\u015f\u0131; buna paralel olarak tarihsel s\u00fcre\u00e7te Fars\u00e7a ile T\u00fcrk\u00e7e, T\u00fcrk leh\u00e7eleri ve D\u00fcnya dilleri aras\u0131ndaki etkile\u015fim gibi konular hakk\u0131nda Fars ve T\u00fcrk dilleri sahas\u0131nda \u00e7al\u0131\u015fan d\u00fcnyan\u0131n farkl\u0131 \u00fclkelerinden ara\u015ft\u0131rmac\u0131lar\u0131n bir araya getirilmesi ama\u00e7lanmaktad\u0131r. Sempozyumda yer alan ba\u015fl\u0131klarda \u00e7al\u0131\u015fmalar yapan siz de\u011ferli bilim insanlar\u0131n\u0131 kat\u0131l\u0131mc\u0131 olarak aram\u0131zda g\u00f6rmekten k\u0131van\u00e7 duyar\u0131z.<\/p>\n<p>&nbsp;<\/p>\n<p><strong>Sayg\u0131lar\u0131m\u0131zla,<\/strong><\/p>\n<p><strong>Do\u00e7. Dr. Yasemin YAYLALI<\/strong><\/p>\n<p><strong>Sempozyum D\u00fczenleme Kurulu Ba\u015fkan\u0131<\/strong>[\/vc_column_text][\/vc_column][vc_column width=&#8221;1\/3&#8243;][vc_column_text css=&#8221;.vc_custom_1627566911023{padding-top: 10px !important;}&#8221;]<\/p>\n<h4><strong>D\u00fczenleyen \/ Organizer<\/strong><\/h4>\n<p>Fars Dili ve Edebiyat\u0131 B\u00f6l\u00fcm\u00fc<\/p>\n<h4><strong>\u00d6nemli Tarihler<\/strong><\/h4>\n<ul>\n<li><strong>Kay\u0131t Ba\u015fvurusu Son Tarih:<\/strong>\u00a030.07.2021<\/li>\n<li><strong>\u00d6zet G\u00f6nderim:\u00a0<\/strong>15.08.2021<\/li>\n<li><strong>Yay\u0131na Haz\u0131r Bildiri G\u00f6nderim:\u00a0<\/strong>15.10.2021<\/li>\n<li><strong>Etkinlik Tarihi:<\/strong>\u00a023-24.09.2021<\/li>\n<\/ul>\n<h4><strong>Sempozyum Ana Ba\u015fl\u0131klar\u0131<\/strong><\/h4>\n<ul>\n<li>\u015eehriy\u00e2r ve \u015eiir Dili<\/li>\n<li>\u015eehriy\u00e2r Mektebi<\/li>\n<li>\u015eehriy\u00e2r ve Fars\u00e7a \u015eiirleri<\/li>\n<li>\u015eehriy\u00e2r ve T\u00fcrk\u00e7e \u015eiirleri<\/li>\n<li>\u015eehriy\u00e2r ve T\u00fcrkl\u00fck Bilinci<\/li>\n<li>T\u00fcrkiye\u2019de ve T\u00fcrk D\u00fcnyas\u0131nda Edebiyat Dili Olarak Fars\u00e7a<\/li>\n<li>Ge\u00e7mi\u015ften G\u00fcn\u00fcm\u00fcze Dil ve Edebiyatta Fars\u00e7a-T\u00fcrk\u00e7e Etkile\u015fimi<\/li>\n<li>Ge\u00e7mi\u015ften G\u00fcn\u00fcm\u00fcze Dil ve Edebiyatta Fars\u00e7a-Arap\u00e7a Etkile\u015fimi<\/li>\n<li>T\u00fcrk Leh\u00e7eleri ve Edebiyatlar\u0131nda Fars\u00e7an\u0131n Yeri ve \u00d6nemi<\/li>\n<\/ul>\n<p><strong>Sempozyum kat\u0131l\u0131m \u00fccreti ALINMAMAKTADIR.<\/strong><\/p>\n<p><strong>Sempoyum Pandemi K\u0131s\u0131tlamalar\u0131 Nedeniyle Online olarak ger\u00e7ekle\u015ftirilecektir.<\/strong><\/p>\n<p>Sempozyum ba\u015fvurunuzu bekler, sayg\u0131lar\u0131m\u0131z\u0131 sunar\u0131z.<\/p>\n<p>D\u00fczenleme Kurulu ad\u0131na,<\/p>\n<p><strong>Do\u00e7. Dr. Yasemin YAYLALI<\/strong>[\/vc_column_text][\/vc_column][\/vc_row]<\/p>\n","protected":false},"excerpt":{"rendered":"<p>[vc_row wrap_container=&#8221;yes&#8221; el_class=&#8221;home-intro home-intro-dark&#8221;][vc_column][vc_column_text el_class=&#8221;m-b-none&#8221; css=&#8221;.vc_custom_1627566924951{padding-left: 145px !important;}&#8221;] ULUSLARARASI \u015eEHR\u0130YAR -D\u0130L VE EDEB\u0130YAT- &#8211; SEMPOZYUMU [\/vc_column_text][\/vc_column][\/vc_row][vc_row][vc_column width=&#8221;1\/3&#8243;][vc_single_image image=&#8221;2466&#8243; img_size=&#8221;large&#8221; css=&#8221;.vc_custom_1627566879163{padding-top: 10px !important;}&#8221; label=&#8221;&#8221;][\/vc_column][vc_column width=&#8221;1\/3&#8243;][vc_column_text css=&#8221;.vc_custom_1627566906377{padding-top: 10px !important;}&#8221;] Sempozyuma \u00c7a\u011fr\u0131 Atat\u00fcrk \u00dcniversitesi Fars Dili ve Edebiyat\u0131 B\u00f6l\u00fcm\u00fc taraf\u0131ndan Atat\u00fcrk \u00dcniversitesinin ev sahipli\u011finde 23-24 Eyl\u00fcl 2021 tarihleri aras\u0131nda \u00e7evrim i\u00e7i \u201cUluslararas\u0131 \u015eehriy\u00e2r -Dil ve Edebiyat- Sempozyumu\u201d d\u00fczenlenecektir. [&hellip;]<\/p>\n","protected":false},"author":1,"featured_media":0,"parent":0,"menu_order":0,"comment_status":"closed","ping_status":"closed","template":"","meta":{"footnotes":""},"class_list":["post-143","page","type-page","status-publish","hentry"],"_links":{"self":[{"href":"https:\/\/diledbsemp.atauni.edu.tr\/index.php?rest_route=\/wp\/v2\/pages\/143","targetHints":{"allow":["GET"]}}],"collection":[{"href":"https:\/\/diledbsemp.atauni.edu.tr\/index.php?rest_route=\/wp\/v2\/pages"}],"about":[{"href":"https:\/\/diledbsemp.atauni.edu.tr\/index.php?rest_route=\/wp\/v2\/types\/page"}],"author":[{"embeddable":true,"href":"https:\/\/diledbsemp.atauni.edu.tr\/index.php?rest_route=\/wp\/v2\/users\/1"}],"replies":[{"embeddable":true,"href":"https:\/\/diledbsemp.atauni.edu.tr\/index.php?rest_route=%2Fwp%2Fv2%2Fcomments&post=143"}],"version-history":[{"count":37,"href":"https:\/\/diledbsemp.atauni.edu.tr\/index.php?rest_route=\/wp\/v2\/pages\/143\/revisions"}],"predecessor-version":[{"id":2519,"href":"https:\/\/diledbsemp.atauni.edu.tr\/index.php?rest_route=\/wp\/v2\/pages\/143\/revisions\/2519"}],"wp:attachment":[{"href":"https:\/\/diledbsemp.atauni.edu.tr\/index.php?rest_route=%2Fwp%2Fv2%2Fmedia&parent=143"}],"curies":[{"name":"wp","href":"https:\/\/api.w.org\/{rel}","templated":true}]}}